{"id":6,"date":"2020-03-28T12:51:50","date_gmt":"2020-03-28T12:51:50","guid":{"rendered":"https:\/\/hqevents.de\/?page_id=6"},"modified":"2021-01-11T11:25:40","modified_gmt":"2021-01-11T11:25:40","slug":"impressum","status":"publish","type":"page","link":"https:\/\/www.hqevents.de\/","title":{"rendered":"Impressum"},"content":{"rendered":"\n<p>HQ Events &amp; Service UG (haftungsbeschr\u00e4nkt)<br>\nUntere Dell Str. 4<br>66564 Ottweiler<\/p>\n<p>Telefon: 06858-79798030<br>\nTelefax: 06858-79798039<br>\nE-Mail: <a href=\"mailto:info@hqevents.de\">info@hqevents.de<\/a><br>\n<\/p>\n<p><strong>Vertreten durch:<\/strong><br>Gesch\u00e4ftsf\u00fchrer: Peter Weing\u00e4rtner<\/p><p><strong>Registereintrag:<\/strong><br>Eingetragen im Handelsregister.<br>Registergericht: Amtsgericht Saarbr\u00fccken<br>Registernummer: HRB 102432<\/p><p><strong>Umsatzsteuer-ID: <\/strong><br>Umsatzsteuer-Identifikationsnummer nach \u00a727a Umsatzsteuergesetz:<br>DE300128515<\/p><br><br><h2>Disclaimer \u2013 rechtliche Hinweise<\/h2>\n\u00a7 1 Warnhinweis zu Inhalten<br>\nDie kostenlosen und frei zug\u00e4nglichen Inhalte dieser Webseite wurden mit gr\u00f6\u00dftm\u00f6glicher Sorgfalt erstellt. Der Anbieter dieser Webseite \u00fcbernimmt jedoch keine Gew\u00e4hr f\u00fcr die Richtigkeit und Aktualit\u00e4t der bereitgestellten kostenlosen und frei zug\u00e4nglichen journalistischen Ratgeber und Nachrichten. Namentlich gekennzeichnete Beitr\u00e4ge geben die Meinung des jeweiligen Autors und nicht immer die Meinung des Anbieters wieder. Allein durch den Aufruf der kostenlosen und frei zug\u00e4nglichen Inhalte kommt keinerlei Vertragsverh\u00e4ltnis zwischen dem Nutzer und dem Anbieter zustande, insoweit fehlt es am Rechtsbindungswillen des Anbieters.<br>\n<br>\n\u00a7 2 Externe Links<br>\nDiese Website enth\u00e4lt Verkn\u00fcpfungen zu Websites Dritter (&#8222;externe Links&#8220;). Diese Websites unterliegen der Haftung der jeweiligen Betreiber. Der Anbieter hat bei der erstmaligen Verkn\u00fcpfung der externen Links die fremden Inhalte daraufhin \u00fcberpr\u00fcft, ob etwaige Rechtsverst\u00f6\u00dfe bestehen. Zu dem Zeitpunkt waren keine Rechtsverst\u00f6\u00dfe ersichtlich. Der Anbieter hat keinerlei Einfluss auf die aktuelle und zuk\u00fcnftige Gestaltung und auf die Inhalte der verkn\u00fcpften Seiten. Das Setzen von externen Links bedeutet nicht, dass sich der Anbieter die hinter dem Verweis oder Link liegenden Inhalte zu Eigen macht. Eine st\u00e4ndige Kontrolle der externen Links ist f\u00fcr den Anbieter ohne konkrete Hinweise auf Rechtsverst\u00f6\u00dfe nicht zumutbar. Bei Kenntnis von Rechtsverst\u00f6\u00dfen werden jedoch derartige externe Links unverz\u00fcglich gel\u00f6scht.<br>\n<br>\n\u00a7 3 Urheber- und Leistungsschutzrechte<br>\nDie auf dieser Website ver\u00f6ffentlichten Inhalte unterliegen dem deutschen Urheber- und Leistungsschutzrecht. Jede vom deutschen Urheber- und Leistungsschutzrecht nicht zugelassene Verwertung bedarf der vorherigen schriftlichen Zustimmung des Anbieters oder jeweiligen Rechteinhabers. Dies gilt insbesondere f\u00fcr Vervielf\u00e4ltigung, Bearbeitung, \u00dcbersetzung, Einspeicherung, Verarbeitung bzw. Wiedergabe von Inhalten in Datenbanken oder anderen elektronischen Medien und Systemen. Inhalte und Rechte Dritter sind dabei als solche gekennzeichnet. Die unerlaubte Vervielf\u00e4ltigung oder Weitergabe einzelner Inhalte oder kompletter Seiten ist nicht gestattet und strafbar. Lediglich die Herstellung von Kopien und Downloads f\u00fcr den pers\u00f6nlichen, privaten und nicht kommerziellen Gebrauch ist erlaubt.<br>\n<br>\nDie Darstellung dieser Website in fremden Frames ist nur mit schriftlicher Erlaubnis zul\u00e4ssig.<br>\n<br>\n\u00a7 4 Besondere Nutzungsbedingungen<br>\nSoweit besondere Bedingungen f\u00fcr einzelne Nutzungen dieser Website von den vorgenannten Paragraphen abweichen, wird an entsprechender Stelle ausdr\u00fccklich darauf hingewiesen. In diesem Falle gelten im jeweiligen Einzelfall die besonderen Nutzungsbedingungen.<p>Quelle: <a href=\"https:\/\/www.juraforum.de\/impressum-generator\/\">Impressum Generator von JuraForum.de<\/a><\/p>\n","protected":false},"excerpt":{"rendered":"<p>HQ Events &amp; Service UG (haftungsbeschr\u00e4nkt) Untere Dell Str. 466564 Ottweiler Telefon: 06858-79798030 Telefax: 06858-79798039 E-Mail: info@hqevents.de Vertreten durch:Gesch\u00e4ftsf\u00fchrer: Peter Weing\u00e4rtner Registereintrag:Eingetragen im Handelsregister.Registergericht: Amtsgericht Saarbr\u00fcckenRegisternummer: HRB 102432 Umsatzsteuer-ID: Umsatzsteuer-Identifikationsnummer nach \u00a727a Umsatzsteuergesetz:DE300128515 Disclaimer \u2013 rechtliche Hinweise \u00a7 1 Warnhinweis zu Inhalten Die kostenlosen und frei zug\u00e4nglichen Inhalte dieser Webseite wurden mit gr\u00f6\u00dftm\u00f6glicher Sorgfalt erstellt. &hellip; <\/p>\n<p class=\"link-more\"><a href=\"https:\/\/www.hqevents.de\/\" class=\"more-link\"><span class=\"screen-reader-text\">\u201eImpressum\u201c<\/span> weiterlesen<\/a><\/p>\n","protected":false},"author":1,"featured_media":0,"parent":0,"menu_order":0,"comment_status":"closed","ping_status":"closed","template":"","meta":{"footnotes":""},"class_list":["post-6","page","type-page","status-publish","hentry","entry"],"yoast_head":"<!-- This site is optimized with the Yoast SEO plugin v25.8 - https:\/\/yoast.com\/wordpress\/plugins\/seo\/ -->\n<title>Impressum - HQ Events &amp; Service UG (haftungsbeschr\u00e4nkt)<\/title>\n<meta name=\"robots\" content=\"index, follow, max-snippet:-1, max-image-preview:large, max-video-preview:-1\" \/>\n<link rel=\"canonical\" href=\"https:\/\/www.hqevents.de\/\" \/>\n<meta property=\"og:locale\" content=\"de_DE\" \/>\n<meta property=\"og:type\" content=\"article\" \/>\n<meta property=\"og:title\" content=\"Impressum - HQ Events &amp; Service UG (haftungsbeschr\u00e4nkt)\" \/>\n<meta property=\"og:description\" content=\"HQ Events &amp; Service UG (haftungsbeschr\u00e4nkt) Untere Dell Str. 466564 Ottweiler Telefon: 06858-79798030 Telefax: 06858-79798039 E-Mail: info@hqevents.de Vertreten durch:Gesch\u00e4ftsf\u00fchrer: Peter Weing\u00e4rtner Registereintrag:Eingetragen im Handelsregister.Registergericht: Amtsgericht Saarbr\u00fcckenRegisternummer: HRB 102432 Umsatzsteuer-ID: Umsatzsteuer-Identifikationsnummer nach \u00a727a Umsatzsteuergesetz:DE300128515 Disclaimer \u2013 rechtliche Hinweise \u00a7 1 Warnhinweis zu Inhalten Die kostenlosen und frei zug\u00e4nglichen Inhalte dieser Webseite wurden mit gr\u00f6\u00dftm\u00f6glicher Sorgfalt erstellt. &hellip; \u201eImpressum\u201c weiterlesen\" \/>\n<meta property=\"og:url\" content=\"https:\/\/www.hqevents.de\/\" \/>\n<meta property=\"og:site_name\" content=\"HQ Events &amp; Service UG (haftungsbeschr\u00e4nkt)\" \/>\n<meta property=\"article:modified_time\" content=\"2021-01-11T11:25:40+00:00\" \/>\n<meta name=\"twitter:card\" content=\"summary_large_image\" \/>\n<meta name=\"twitter:label1\" content=\"Gesch\u00e4tzte Lesezeit\" \/>\n\t<meta name=\"twitter:data1\" content=\"2\u00a0Minuten\" \/>\n<script type=\"application\/ld+json\" class=\"yoast-schema-graph\">{\"@context\":\"https:\/\/schema.org\",\"@graph\":[{\"@type\":\"WebPage\",\"@id\":\"https:\/\/www.hqevents.de\/\",\"url\":\"https:\/\/www.hqevents.de\/\",\"name\":\"Impressum - HQ Events &amp; Service UG (haftungsbeschr\u00e4nkt)\",\"isPartOf\":{\"@id\":\"https:\/\/www.hqevents.de\/#website\"},\"datePublished\":\"2020-03-28T12:51:50+00:00\",\"dateModified\":\"2021-01-11T11:25:40+00:00\",\"breadcrumb\":{\"@id\":\"https:\/\/www.hqevents.de\/#breadcrumb\"},\"inLanguage\":\"de\",\"potentialAction\":[{\"@type\":\"ReadAction\",\"target\":[\"https:\/\/www.hqevents.de\/\"]}]},{\"@type\":\"BreadcrumbList\",\"@id\":\"https:\/\/www.hqevents.de\/#breadcrumb\",\"itemListElement\":[{\"@type\":\"ListItem\",\"position\":1,\"name\":\"Home\",\"item\":\"https:\/\/www.hqevents.de\/\"},{\"@type\":\"ListItem\",\"position\":2,\"name\":\"Impressum\"}]},{\"@type\":\"WebSite\",\"@id\":\"https:\/\/www.hqevents.de\/#website\",\"url\":\"https:\/\/www.hqevents.de\/\",\"name\":\"HQ Events &amp; Service UG (haftungsbeschr\u00e4nkt)\",\"description\":\"Marketing, Events und Mehr\",\"publisher\":{\"@id\":\"https:\/\/www.hqevents.de\/#organization\"},\"potentialAction\":[{\"@type\":\"SearchAction\",\"target\":{\"@type\":\"EntryPoint\",\"urlTemplate\":\"https:\/\/www.hqevents.de\/?s={search_term_string}\"},\"query-input\":{\"@type\":\"PropertyValueSpecification\",\"valueRequired\":true,\"valueName\":\"search_term_string\"}}],\"inLanguage\":\"de\"},{\"@type\":\"Organization\",\"@id\":\"https:\/\/www.hqevents.de\/#organization\",\"name\":\"HQ Events &amp; Service UG (haftungsbeschr\u00e4nkt)\",\"url\":\"https:\/\/www.hqevents.de\/\",\"logo\":{\"@type\":\"ImageObject\",\"inLanguage\":\"de\",\"@id\":\"https:\/\/www.hqevents.de\/#\/schema\/logo\/image\/\",\"url\":\"https:\/\/www.hqevents.de\/wp-content\/uploads\/2020\/03\/cropped-logo.jpg\",\"contentUrl\":\"https:\/\/www.hqevents.de\/wp-content\/uploads\/2020\/03\/cropped-logo.jpg\",\"width\":190,\"height\":190,\"caption\":\"HQ Events &amp; Service UG (haftungsbeschr\u00e4nkt)\"},\"image\":{\"@id\":\"https:\/\/www.hqevents.de\/#\/schema\/logo\/image\/\"}}]}<\/script>\n<!-- \/ Yoast SEO plugin. -->","yoast_head_json":{"title":"Impressum - HQ Events &amp; Service UG (haftungsbeschr\u00e4nkt)","robots":{"index":"index","follow":"follow","max-snippet":"max-snippet:-1","max-image-preview":"max-image-preview:large","max-video-preview":"max-video-preview:-1"},"canonical":"https:\/\/www.hqevents.de\/","og_locale":"de_DE","og_type":"article","og_title":"Impressum - HQ Events &amp; Service UG (haftungsbeschr\u00e4nkt)","og_description":"HQ Events &amp; Service UG (haftungsbeschr\u00e4nkt) Untere Dell Str. 466564 Ottweiler Telefon: 06858-79798030 Telefax: 06858-79798039 E-Mail: info@hqevents.de Vertreten durch:Gesch\u00e4ftsf\u00fchrer: Peter Weing\u00e4rtner Registereintrag:Eingetragen im Handelsregister.Registergericht: Amtsgericht Saarbr\u00fcckenRegisternummer: HRB 102432 Umsatzsteuer-ID: Umsatzsteuer-Identifikationsnummer nach \u00a727a Umsatzsteuergesetz:DE300128515 Disclaimer \u2013 rechtliche Hinweise \u00a7 1 Warnhinweis zu Inhalten Die kostenlosen und frei zug\u00e4nglichen Inhalte dieser Webseite wurden mit gr\u00f6\u00dftm\u00f6glicher Sorgfalt erstellt. &hellip; \u201eImpressum\u201c weiterlesen","og_url":"https:\/\/www.hqevents.de\/","og_site_name":"HQ Events &amp; Service UG (haftungsbeschr\u00e4nkt)","article_modified_time":"2021-01-11T11:25:40+00:00","twitter_card":"summary_large_image","twitter_misc":{"Gesch\u00e4tzte Lesezeit":"2\u00a0Minuten"},"schema":{"@context":"https:\/\/schema.org","@graph":[{"@type":"WebPage","@id":"https:\/\/www.hqevents.de\/","url":"https:\/\/www.hqevents.de\/","name":"Impressum - HQ Events &amp; Service UG (haftungsbeschr\u00e4nkt)","isPartOf":{"@id":"https:\/\/www.hqevents.de\/#website"},"datePublished":"2020-03-28T12:51:50+00:00","dateModified":"2021-01-11T11:25:40+00:00","breadcrumb":{"@id":"https:\/\/www.hqevents.de\/#breadcrumb"},"inLanguage":"de","potentialAction":[{"@type":"ReadAction","target":["https:\/\/www.hqevents.de\/"]}]},{"@type":"BreadcrumbList","@id":"https:\/\/www.hqevents.de\/#breadcrumb","itemListElement":[{"@type":"ListItem","position":1,"name":"Home","item":"https:\/\/www.hqevents.de\/"},{"@type":"ListItem","position":2,"name":"Impressum"}]},{"@type":"WebSite","@id":"https:\/\/www.hqevents.de\/#website","url":"https:\/\/www.hqevents.de\/","name":"HQ Events &amp; Service UG (haftungsbeschr\u00e4nkt)","description":"Marketing, Events und Mehr","publisher":{"@id":"https:\/\/www.hqevents.de\/#organization"},"potentialAction":[{"@type":"SearchAction","target":{"@type":"EntryPoint","urlTemplate":"https:\/\/www.hqevents.de\/?s={search_term_string}"},"query-input":{"@type":"PropertyValueSpecification","valueRequired":true,"valueName":"search_term_string"}}],"inLanguage":"de"},{"@type":"Organization","@id":"https:\/\/www.hqevents.de\/#organization","name":"HQ Events &amp; Service UG (haftungsbeschr\u00e4nkt)","url":"https:\/\/www.hqevents.de\/","logo":{"@type":"ImageObject","inLanguage":"de","@id":"https:\/\/www.hqevents.de\/#\/schema\/logo\/image\/","url":"https:\/\/www.hqevents.de\/wp-content\/uploads\/2020\/03\/cropped-logo.jpg","contentUrl":"https:\/\/www.hqevents.de\/wp-content\/uploads\/2020\/03\/cropped-logo.jpg","width":190,"height":190,"caption":"HQ Events &amp; Service UG (haftungsbeschr\u00e4nkt)"},"image":{"@id":"https:\/\/www.hqevents.de\/#\/schema\/logo\/image\/"}}]}},"_links":{"self":[{"href":"https:\/\/www.hqevents.de\/index.php\/wp-json\/wp\/v2\/pages\/6","targetHints":{"allow":["GET"]}}],"collection":[{"href":"https:\/\/www.hqevents.de\/index.php\/wp-json\/wp\/v2\/pages"}],"about":[{"href":"https:\/\/www.hqevents.de\/index.php\/wp-json\/wp\/v2\/types\/page"}],"author":[{"embeddable":true,"href":"https:\/\/www.hqevents.de\/index.php\/wp-json\/wp\/v2\/users\/1"}],"replies":[{"embeddable":true,"href":"https:\/\/www.hqevents.de\/index.php\/wp-json\/wp\/v2\/comments?post=6"}],"version-history":[{"count":3,"href":"https:\/\/www.hqevents.de\/index.php\/wp-json\/wp\/v2\/pages\/6\/revisions"}],"predecessor-version":[{"id":18,"href":"https:\/\/www.hqevents.de\/index.php\/wp-json\/wp\/v2\/pages\/6\/revisions\/18"}],"wp:attachment":[{"href":"https:\/\/www.hqevents.de\/index.php\/wp-json\/wp\/v2\/media?parent=6"}],"curies":[{"name":"wp","href":"https:\/\/api.w.org\/{rel}","templated":true}]}}